{"id":17024,"date":"2025-03-14T10:06:56","date_gmt":"2025-03-14T09:06:56","guid":{"rendered":"https:\/\/dev.welco-ind.com\/?page_id=17024"},"modified":"2025-03-14T16:41:55","modified_gmt":"2025-03-14T15:41:55","slug":"contact","status":"publish","type":"page","link":"https:\/\/dev.welco-ind.com\/fr\/contact\/","title":{"rendered":"Contact"},"content":{"rendered":"<div class=\"wpb-content-wrapper\"><p>[vc_row css_animation=\u00a0\u00bb\u00a0\u00bb row_type=\u00a0\u00bbrow\u00a0\u00bb use_row_as_full_screen_section=\u00a0\u00bbno\u00a0\u00bb type=\u00a0\u00bbfull_width\u00a0\u00bb angled_section=\u00a0\u00bbno\u00a0\u00bb text_align=\u00a0\u00bbleft\u00a0\u00bb background_image_as_pattern=\u00a0\u00bbwithout_pattern\u00a0\u00bb css=\u00a0\u00bb.vc_custom_1540473153916{padding-top: 10px !important;}\u00a0\u00bb z_index=\u00a0\u00bb\u00a0\u00bb][vc_column][qode_elements_holder number_of_columns=\u00a0\u00bbone_column\u00a0\u00bb switch_to_one_column=\u00a0\u00bb600&Prime; alignment_one_column=\u00a0\u00bbcenter\u00a0\u00bb][qode_elements_holder_item advanced_animations=\u00a0\u00bbyes\u00a0\u00bb start_position=\u00a0\u00bbbottom\u00a0\u00bb end_position=\u00a0\u00bbcenter\u00a0\u00bb background_color=\u00a0\u00bb#f2f2f2&Prime; item_padding=\u00a0\u00bb20px 20px 20px 20px\u00a0\u00bb item_padding_1280_1440=\u00a0\u00bb20px 10px 20px 10px\u00a0\u00bb item_padding_1024_1280=\u00a0\u00bb10px 10px 10px 10px\u00a0\u00bb item_padding_768_1024=\u00a0\u00bb10px 10px 10px 10px\u00a0\u00bb][vc_column_text]<\/p>\n<h2 style=\"text-align: center;\">Nos bureaux<\/h2>\n<p>[\/vc_column_text][vc_separator type=\u00a0\u00bbsmall\u00a0\u00bb position=\u00a0\u00bbcenter\u00a0\u00bb color=\u00a0\u00bb#0198bc\u00a0\u00bb down=\u00a0\u00bb20&Prime;][vc_empty_space height=\u00a0\u00bb20px\u00a0\u00bb][vc_column_text]<\/p>\n<h6><strong><span style=\"color: #0198bc;\">Adresse<\/span><\/strong><\/h6>\n<p>4 route de la Vall\u00e9e, Quartier de l&rsquo;Usine<br \/>\n05300 LE POET, France[\/vc_column_text][vc_empty_space height=\u00a0\u00bb20px\u00a0\u00bb][vc_column_text]<\/p>\n<h6><strong><span style=\"color: #0198bc;\">TELEPHONE<\/span><\/strong><\/h6>\n<p>+33 492 65 72 08[\/vc_column_text][vc_empty_space height=\u00a0\u00bb20px\u00a0\u00bb][vc_column_text]<\/p>\n<h6><strong><span style=\"color: #0198bc;\">EMAILS<\/span><\/strong><\/h6>\n<p><strong>Contact <\/strong>: contact@welco-ind.com<\/p>\n<p><strong>Ventes <\/strong>: sales@welco-ind.com<\/p>\n<p><strong>Achats<\/strong> : procurement@welco-ind.com<\/p>\n<p><strong>Technique<\/strong> : engineering@welco-ind.com<\/p>\n<p>&nbsp;<\/p>\n<p>Suivez-nous sur Linkedin[\/vc_column_text]<span class='q_social_icon_holder normal_social' ><a itemprop='url' href='https:\/\/www.linkedin.com\/company\/welco-industries-sas\/' target='_blank'><i class=\"qode_icon_font_awesome fa fa-linkedin-square fa-2x simple_social\" style=\"margin: 0 0px 0 0;\" ><\/i><\/a><\/span>[\/qode_elements_holder_item][\/qode_elements_holder][vc_column_text]<\/p>\n<p style=\"font-size: 13px;\">Pour plus d&rsquo;informations sur le traitement de vos donn\u00e9es, consultez notre <a href=\"https:\/\/www.welco-ind.com\/fr\/politique-confidentialite\/\" target=\"_blank\" rel=\"noopener noreferrer\">politique de confidentialit\u00e9<\/a>.<\/p>\n<p>[\/vc_column_text][vc_separator type=\u00a0\u00bbtransparent\u00a0\u00bb up=\u00a0\u00bb6&Prime; down=\u00a0\u00bb6&Prime;][vc_empty_space height=\u00a0\u00bb80px\u00a0\u00bb][\/vc_column][\/vc_row][vc_row css_animation=\u00a0\u00bb\u00a0\u00bb row_type=\u00a0\u00bbrow\u00a0\u00bb use_row_as_full_screen_section=\u00a0\u00bbno\u00a0\u00bb type=\u00a0\u00bbfull_width\u00a0\u00bb angled_section=\u00a0\u00bbno\u00a0\u00bb text_align=\u00a0\u00bbleft\u00a0\u00bb background_image_as_pattern=\u00a0\u00bbwithout_pattern\u00a0\u00bb][vc_column][\/vc_column][\/vc_row]<\/p>\n<\/div>","protected":false},"excerpt":{"rendered":"<p>[vc_row css_animation=\u00a0\u00bb\u00a0\u00bb row_type=\u00a0\u00bbrow\u00a0\u00bb use_row_as_full_screen_section=\u00a0\u00bbno\u00a0\u00bb type=\u00a0\u00bbfull_width\u00a0\u00bb angled_section=\u00a0\u00bbno\u00a0\u00bb text_align=\u00a0\u00bbleft\u00a0\u00bb background_image_as_pattern=\u00a0\u00bbwithout_pattern\u00a0\u00bb css=\u00a0\u00bb.vc_custom_1540473153916{padding-top: 10px !important;}\u00a0\u00bb z_index=\u00a0\u00bb\u00a0\u00bb][vc_column][qode_elements_holder number_of_columns=\u00a0\u00bbone_column\u00a0\u00bb switch_to_one_column=\u00a0\u00bb600&Prime; alignment_one_column=\u00a0\u00bbcenter\u00a0\u00bb][qode_elements_holder_item advanced_animations=\u00a0\u00bbyes\u00a0\u00bb start_position=\u00a0\u00bbbottom\u00a0\u00bb end_position=\u00a0\u00bbcenter\u00a0\u00bb background_color=\u00a0\u00bb#f2f2f2&Prime; item_padding=\u00a0\u00bb20px 20px 20px 20px\u00a0\u00bb item_padding_1280_1440=\u00a0\u00bb20px 10px 20px 10px\u00a0\u00bb item_padding_1024_1280=\u00a0\u00bb10px 10px 10px 10px\u00a0\u00bb item_padding_768_1024=\u00a0\u00bb10px 10px 10px 10px\u00a0\u00bb][vc_column_text] Nos bureaux [\/vc_column_text][vc_separator type=\u00a0\u00bbsmall\u00a0\u00bb position=\u00a0\u00bbcenter\u00a0\u00bb color=\u00a0\u00bb#0198bc\u00a0\u00bb down=\u00a0\u00bb20&Prime;][vc_empty_space height=\u00a0\u00bb20px\u00a0\u00bb][vc_column_text] Adresse 4&#8230;<\/p>\n","protected":false},"author":1,"featured_media":0,"parent":0,"menu_order":0,"comment_status":"closed","ping_status":"closed","template":"contact-page.php","meta":{"footnotes":""},"class_list":["post-17024","page","type-page","status-publish","hentry"],"yoast_head":"<!-- This site is optimized with the Yoast SEO plugin v24.6 - https:\/\/yoast.com\/wordpress\/plugins\/seo\/ -->\n<title>Contact - WELCO industries<\/title>\n<meta name=\"description\" content=\"Pour toute demande concernant nos moto-compresseurs de climatisation et de r\u00e9frig\u00e9ration sur mesure, nous vous invitons \u00e0 nous contacter.\" \/>\n<meta name=\"robots\" content=\"noindex, follow, max-snippet:-1, max-image-preview:large, max-video-preview:-1\" \/>\n<meta property=\"og:locale\" content=\"fr_FR\" \/>\n<meta property=\"og:type\" content=\"article\" \/>\n<meta property=\"og:title\" content=\"Contact - WELCO industries\" \/>\n<meta property=\"og:description\" content=\"Pour toute demande concernant nos moto-compresseurs de climatisation et de r\u00e9frig\u00e9ration sur mesure, nous vous invitons \u00e0 nous contacter.\" \/>\n<meta property=\"og:url\" content=\"https:\/\/dev.welco-ind.com\/fr\/contact\/\" \/>\n<meta property=\"og:site_name\" content=\"WELCO industries\" \/>\n<meta property=\"article:modified_time\" content=\"2025-03-14T15:41:55+00:00\" \/>\n<meta name=\"twitter:card\" content=\"summary_large_image\" \/>\n<meta name=\"twitter:label1\" content=\"Dur\u00e9e de lecture estim\u00e9e\" \/>\n\t<meta name=\"twitter:data1\" content=\"1 minute\" \/>\n<script type=\"application\/ld+json\" class=\"yoast-schema-graph\">{\"@context\":\"https:\/\/schema.org\",\"@graph\":[{\"@type\":\"WebPage\",\"@id\":\"https:\/\/dev.welco-ind.com\/fr\/contact\/\",\"url\":\"https:\/\/dev.welco-ind.com\/fr\/contact\/\",\"name\":\"Contact - WELCO industries\",\"isPartOf\":{\"@id\":\"https:\/\/dev.welco-ind.com\/fr\/#website\"},\"datePublished\":\"2025-03-14T09:06:56+00:00\",\"dateModified\":\"2025-03-14T15:41:55+00:00\",\"description\":\"Pour toute demande concernant nos moto-compresseurs de climatisation et de r\u00e9frig\u00e9ration sur mesure, nous vous invitons \u00e0 nous contacter.\",\"breadcrumb\":{\"@id\":\"https:\/\/dev.welco-ind.com\/fr\/contact\/#breadcrumb\"},\"inLanguage\":\"fr-FR\",\"potentialAction\":[{\"@type\":\"ReadAction\",\"target\":[\"https:\/\/dev.welco-ind.com\/fr\/contact\/\"]}]},{\"@type\":\"BreadcrumbList\",\"@id\":\"https:\/\/dev.welco-ind.com\/fr\/contact\/#breadcrumb\",\"itemListElement\":[{\"@type\":\"ListItem\",\"position\":1,\"name\":\"Accueil\",\"item\":\"https:\/\/dev.welco-ind.com\/fr\/\"},{\"@type\":\"ListItem\",\"position\":2,\"name\":\"Contact\"}]},{\"@type\":\"WebSite\",\"@id\":\"https:\/\/dev.welco-ind.com\/fr\/#website\",\"url\":\"https:\/\/dev.welco-ind.com\/fr\/\",\"name\":\"WELCO industries\",\"description\":\"Custom motor-compressor solutions for mission-critical cooling systems\",\"potentialAction\":[{\"@type\":\"SearchAction\",\"target\":{\"@type\":\"EntryPoint\",\"urlTemplate\":\"https:\/\/dev.welco-ind.com\/fr\/?s={search_term_string}\"},\"query-input\":{\"@type\":\"PropertyValueSpecification\",\"valueRequired\":true,\"valueName\":\"search_term_string\"}}],\"inLanguage\":\"fr-FR\"}]}<\/script>\n<!-- \/ Yoast SEO plugin. -->","yoast_head_json":{"title":"Contact - WELCO industries","description":"Pour toute demande concernant nos moto-compresseurs de climatisation et de r\u00e9frig\u00e9ration sur mesure, nous vous invitons \u00e0 nous contacter.","robots":{"index":"noindex","follow":"follow","max-snippet":"max-snippet:-1","max-image-preview":"max-image-preview:large","max-video-preview":"max-video-preview:-1"},"og_locale":"fr_FR","og_type":"article","og_title":"Contact - WELCO industries","og_description":"Pour toute demande concernant nos moto-compresseurs de climatisation et de r\u00e9frig\u00e9ration sur mesure, nous vous invitons \u00e0 nous contacter.","og_url":"https:\/\/dev.welco-ind.com\/fr\/contact\/","og_site_name":"WELCO industries","article_modified_time":"2025-03-14T15:41:55+00:00","twitter_card":"summary_large_image","twitter_misc":{"Dur\u00e9e de lecture estim\u00e9e":"1 minute"},"schema":{"@context":"https:\/\/schema.org","@graph":[{"@type":"WebPage","@id":"https:\/\/dev.welco-ind.com\/fr\/contact\/","url":"https:\/\/dev.welco-ind.com\/fr\/contact\/","name":"Contact - WELCO industries","isPartOf":{"@id":"https:\/\/dev.welco-ind.com\/fr\/#website"},"datePublished":"2025-03-14T09:06:56+00:00","dateModified":"2025-03-14T15:41:55+00:00","description":"Pour toute demande concernant nos moto-compresseurs de climatisation et de r\u00e9frig\u00e9ration sur mesure, nous vous invitons \u00e0 nous contacter.","breadcrumb":{"@id":"https:\/\/dev.welco-ind.com\/fr\/contact\/#breadcrumb"},"inLanguage":"fr-FR","potentialAction":[{"@type":"ReadAction","target":["https:\/\/dev.welco-ind.com\/fr\/contact\/"]}]},{"@type":"BreadcrumbList","@id":"https:\/\/dev.welco-ind.com\/fr\/contact\/#breadcrumb","itemListElement":[{"@type":"ListItem","position":1,"name":"Accueil","item":"https:\/\/dev.welco-ind.com\/fr\/"},{"@type":"ListItem","position":2,"name":"Contact"}]},{"@type":"WebSite","@id":"https:\/\/dev.welco-ind.com\/fr\/#website","url":"https:\/\/dev.welco-ind.com\/fr\/","name":"WELCO industries","description":"Custom motor-compressor solutions for mission-critical cooling systems","potentialAction":[{"@type":"SearchAction","target":{"@type":"EntryPoint","urlTemplate":"https:\/\/dev.welco-ind.com\/fr\/?s={search_term_string}"},"query-input":{"@type":"PropertyValueSpecification","valueRequired":true,"valueName":"search_term_string"}}],"inLanguage":"fr-FR"}]}},"_links":{"self":[{"href":"https:\/\/dev.welco-ind.com\/fr\/wp-json\/wp\/v2\/pages\/17024","targetHints":{"allow":["GET"]}}],"collection":[{"href":"https:\/\/dev.welco-ind.com\/fr\/wp-json\/wp\/v2\/pages"}],"about":[{"href":"https:\/\/dev.welco-ind.com\/fr\/wp-json\/wp\/v2\/types\/page"}],"author":[{"embeddable":true,"href":"https:\/\/dev.welco-ind.com\/fr\/wp-json\/wp\/v2\/users\/1"}],"replies":[{"embeddable":true,"href":"https:\/\/dev.welco-ind.com\/fr\/wp-json\/wp\/v2\/comments?post=17024"}],"version-history":[{"count":3,"href":"https:\/\/dev.welco-ind.com\/fr\/wp-json\/wp\/v2\/pages\/17024\/revisions"}],"predecessor-version":[{"id":17152,"href":"https:\/\/dev.welco-ind.com\/fr\/wp-json\/wp\/v2\/pages\/17024\/revisions\/17152"}],"wp:attachment":[{"href":"https:\/\/dev.welco-ind.com\/fr\/wp-json\/wp\/v2\/media?parent=17024"}],"curies":[{"name":"wp","href":"https:\/\/api.w.org\/{rel}","templated":true}]}}